{"id":8516,"date":"2026-04-08T17:45:36","date_gmt":"2026-04-08T17:45:36","guid":{"rendered":"https:\/\/www.profumeriadolcevita.com\/?post_type=product&#038;p=8516"},"modified":"2026-04-08T17:45:37","modified_gmt":"2026-04-08T17:45:37","slug":"lancome-la-vie-est-belle-body-lotion","status":"publish","type":"product","link":"https:\/\/www.profumeriadolcevita.com\/en\/shop\/lancome-la-vie-est-belle-body-lotion\/","title":{"rendered":"Lanc\u00f4me La Vie Est Belle Body Lotion"},"content":{"rendered":"<p>Trattamento cosmetico donna<strong> Lanc\u00f4me La Vie Est Belle body lotion<\/strong> 200ml<\/p>\n<p>Con una pelle morbida e delicata\u00a0 la tua vita sar\u00e0 ancora pi\u00f9 bella. Il latte corpo da donna Lanc\u00f4me La Vie Est Belle profumer\u00e0 la tua pelle con l\u2019iconica fragranza piena di felicit\u00e0 e gioia di vivere. Goditi ogni momento immersa in una sensazione di benessere.<\/p>\n<p><strong>N.B:<\/strong> il latte corpo non \u00e8 quello illuminante<\/p>","protected":false},"excerpt":{"rendered":"<p>Ogni donna \u00e8 alla ricerca della felicit\u00e0. Vera e propria dichiarazione olfattiva la nuova fragranza Lanc\u00f4me.<\/p>\n<div class=\"c-product__short-description\">\n<div class=\"woocommerce-product-details__short-description\">\n<p>Profumeria\u00a0<strong>Dolce Vita<\/strong>\u00a0sita a\u00a0<strong>Copertino<\/strong>\u00a0in\u00a0<strong>provincia di Lecce<\/strong>\u00a0spedisce online in tutta Italia,\u00a0<strong>Europa<\/strong>\u00a0e non solo: offre anche il ritiro in sede in provincia di Lecce!<\/p>\n<\/div>\n<\/div>","protected":false},"featured_media":8517,"comment_status":"open","ping_status":"closed","template":"","meta":[],"product_cat":[411],"product_tag":[1963,1965,1964,95,83,86],"class_list":{"0":"post-8516","1":"product","2":"type-product","3":"status-publish","4":"has-post-thumbnail","6":"product_cat-creme-corpo-donna","7":"product_tag-body-lotion-lancome","8":"product_tag-crema-corpo-lancome","9":"product_tag-creme-corpo-donna","10":"product_tag-dolcevita-profumeria-copertino","11":"product_tag-lancome","12":"product_tag-profumeria-in-provincia-di-lecce","14":"first","15":"instock","16":"sale","17":"shipping-taxable","18":"purchasable","19":"product-type-simple"},"_links":{"self":[{"href":"https:\/\/www.profumeriadolcevita.com\/en\/wp-json\/wp\/v2\/product\/8516","targetHints":{"allow":["GET"]}}],"collection":[{"href":"https:\/\/www.profumeriadolcevita.com\/en\/wp-json\/wp\/v2\/product"}],"about":[{"href":"https:\/\/www.profumeriadolcevita.com\/en\/wp-json\/wp\/v2\/types\/product"}],"replies":[{"embeddable":true,"href":"https:\/\/www.profumeriadolcevita.com\/en\/wp-json\/wp\/v2\/comments?post=8516"}],"version-history":[{"count":0,"href":"https:\/\/www.profumeriadolcevita.com\/en\/wp-json\/wp\/v2\/product\/8516\/revisions"}],"wp:featuredmedia":[{"embeddable":true,"href":"https:\/\/www.profumeriadolcevita.com\/en\/wp-json\/wp\/v2\/media\/8517"}],"wp:attachment":[{"href":"https:\/\/www.profumeriadolcevita.com\/en\/wp-json\/wp\/v2\/media?parent=8516"}],"wp:term":[{"taxonomy":"product_cat","embeddable":true,"href":"https:\/\/www.profumeriadolcevita.com\/en\/wp-json\/wp\/v2\/product_cat?post=8516"},{"taxonomy":"product_tag","embeddable":true,"href":"https:\/\/www.profumeriadolcevita.com\/en\/wp-json\/wp\/v2\/product_tag?post=8516"}],"curies":[{"name":"wp","href":"https:\/\/api.w.org\/{rel}","templated":true}]}}