{"id":8553,"date":"2026-05-07T08:48:28","date_gmt":"2026-05-07T08:48:28","guid":{"rendered":"https:\/\/www.profumeriadolcevita.com\/?post_type=product&#038;p=8553"},"modified":"2026-05-07T08:48:28","modified_gmt":"2026-05-07T08:48:28","slug":"alessia-massimo-borsa-a-mano-style1869","status":"publish","type":"product","link":"https:\/\/www.profumeriadolcevita.com\/en\/shop\/alessia-massimo-borsa-a-mano-style1869\/","title":{"rendered":"Alessia Massimo Borsa A Mano- Style1869"},"content":{"rendered":"<p><strong>Alessia Massimo<\/strong> borsa a mano e a spalla style 1869<\/p>\n<p>La silhouette a secchiello assicura una buona capienza, ideale per mantenere tutto in ordine durante la giornata. I dettagli sul beige aggiungono calore e carattere al design, valorizzandone le linee. Dotata di manico e struttura stabile, si rivela una scelta funzionale anche per l\u2019ambiente lavorativo, adattandosi con naturalezza a look pratici e curati.<\/p>\n<p><em>Dotata di doppia tracolla\u00a0<\/em><\/p>\n<p><em>Colori:<\/em> Marrone e Nera;<\/p>\n<p><em>Composizione:<\/em> BODY: 100% POLIURETANO\/POLYUERTHANE LINING: 100% POLIESTERE\/POLYESTER<\/p>","protected":false},"excerpt":{"rendered":"<p>La borsa style 1869 della collezione Spring\u2013Summer 2026 di Alessia Massimo \u00e8 realizzata in ecopelle ed \u00e8 pensata per accompagnare la quotidianit\u00e0 con comfort e stile.<\/p>\n<div class=\"c-product__short-description\">\n<div class=\"woocommerce-product-details__short-description\">\n<div class=\"woocommerce-product-details__short-description\">\n<div class=\"woocommerce-product-details__short-description\">\n<div class=\"woocommerce-product-details__short-description\">\n<div class=\"woocommerce-product-details__short-description\">\n<div class=\"woocommerce-product-details__short-description\">\n<div class=\"woocommerce-product-details__short-description\">\n<div class=\"woocommerce-product-details__short-description\">\n<div class=\"woocommerce-product-details__short-description\">\n<div class=\"woocommerce-product-details__short-description\">\n<p>Profumeria\u00a0<strong>Dolce Vita<\/strong>\u00a0sita a\u00a0<strong>Copertino<\/strong>\u00a0in\u00a0<strong>provincia di Lecce<\/strong>\u00a0spedisce online in tutta Italia,\u00a0<strong>Europa<\/strong>\u00a0e non solo: offre anche il ritiro in sede in provincia di Lecce!<\/p>\n<\/div>\n<\/div>\n<\/div>\n<\/div>\n<\/div>\n<\/div>\n<\/div>\n<\/div>\n<\/div>\n<\/div>\n<\/div>","protected":false},"featured_media":8556,"comment_status":"open","ping_status":"closed","template":"","meta":[],"product_cat":[110],"product_tag":[1476,1925,1730,1477,95,86],"class_list":{"0":"post-8553","1":"product","2":"type-product","3":"status-publish","4":"has-post-thumbnail","6":"product_cat-tracolle-e-borse-a-spalla","7":"product_tag-alessia-massimo","8":"product_tag-alessia-massimo-borsa-a-tracolla","9":"product_tag-borsa-a-mano","10":"product_tag-borsa-primavera-estate","11":"product_tag-dolcevita-profumeria-copertino","12":"product_tag-profumeria-in-provincia-di-lecce","14":"first","15":"instock","16":"sale","17":"shipping-taxable","18":"purchasable","19":"product-type-variable"},"_links":{"self":[{"href":"https:\/\/www.profumeriadolcevita.com\/en\/wp-json\/wp\/v2\/product\/8553","targetHints":{"allow":["GET"]}}],"collection":[{"href":"https:\/\/www.profumeriadolcevita.com\/en\/wp-json\/wp\/v2\/product"}],"about":[{"href":"https:\/\/www.profumeriadolcevita.com\/en\/wp-json\/wp\/v2\/types\/product"}],"replies":[{"embeddable":true,"href":"https:\/\/www.profumeriadolcevita.com\/en\/wp-json\/wp\/v2\/comments?post=8553"}],"version-history":[{"count":1,"href":"https:\/\/www.profumeriadolcevita.com\/en\/wp-json\/wp\/v2\/product\/8553\/revisions"}],"predecessor-version":[{"id":8560,"href":"https:\/\/www.profumeriadolcevita.com\/en\/wp-json\/wp\/v2\/product\/8553\/revisions\/8560"}],"wp:featuredmedia":[{"embeddable":true,"href":"https:\/\/www.profumeriadolcevita.com\/en\/wp-json\/wp\/v2\/media\/8556"}],"wp:attachment":[{"href":"https:\/\/www.profumeriadolcevita.com\/en\/wp-json\/wp\/v2\/media?parent=8553"}],"wp:term":[{"taxonomy":"product_cat","embeddable":true,"href":"https:\/\/www.profumeriadolcevita.com\/en\/wp-json\/wp\/v2\/product_cat?post=8553"},{"taxonomy":"product_tag","embeddable":true,"href":"https:\/\/www.profumeriadolcevita.com\/en\/wp-json\/wp\/v2\/product_tag?post=8553"}],"curies":[{"name":"wp","href":"https:\/\/api.w.org\/{rel}","templated":true}]}}